{"id":469,"date":"2015-03-12T01:25:48","date_gmt":"2015-03-12T00:25:48","guid":{"rendered":"http:\/\/www.loops.fr\/tous-nos-produits-2\/"},"modified":"2019-04-05T14:11:13","modified_gmt":"2019-04-05T13:11:13","slug":"all-the-products","status":"publish","type":"page","link":"http:\/\/www.loops.fr\/en\/all-the-products\/","title":{"rendered":"All the products"},"content":{"rendered":"<div class=\"row \"><div class=\"col-lg-4 col-md-12 col-xs-12 col-sm-12\"><\/p>\n<h2><a title=\"La capsule Loops\" href=\"http:\/\/www.loops.fr\/la-capsule-loops\/\">Les capsules LOOPS personnalis\u00e9es :<\/a><\/h2>\n<p><a title=\"Pr\u00e9servatifs personnalis\u00e9s\" href=\"http:\/\/www.loops.fr\/la-capsule-loops\/\">Les capsules LOOPS<\/a> sont des capsules de forme arrondie\u00a0qui contiennent un pr\u00e9servatif de qualit\u00e9. Pratique d&#8217;utilisation, elles sont\u00a0personnalisables \u00e0 vos couleurs et\/ou \u00e0 votre image.<\/p>\n<p><a title=\"La capsule Loops\" href=\"http:\/\/www.loops.fr\/tous-nos-produits\/la-capsule-loops\/\"><img loading=\"lazy\" class=\"alignnone size-full wp-image-182\" src=\"http:\/\/www.loops.fr\/wp-content\/uploads\/2015\/03\/preservatif-en-capsule1.png\" alt=\"pr\u00e9servatif en capsule\" width=\"350\" height=\"349\" srcset=\"http:\/\/www.loops.fr\/wp-content\/uploads\/2015\/03\/preservatif-en-capsule1.png 350w, http:\/\/www.loops.fr\/wp-content\/uploads\/2015\/03\/preservatif-en-capsule1-150x150.png 150w, http:\/\/www.loops.fr\/wp-content\/uploads\/2015\/03\/preservatif-en-capsule1-300x300.png 300w, http:\/\/www.loops.fr\/wp-content\/uploads\/2015\/03\/preservatif-en-capsule1-301x300.png 301w\" sizes=\"(max-width: 350px) 100vw, 350px\" \/><\/a><\/div>\n<div class=\"col-lg-4 col-md-12 col-xs-12 col-sm-12\"><\/p>\n<h2><a title=\"Bouchons d\u2019oreilles\" href=\"http:\/\/www.loops.fr\/tous-nos-produits\/bouchons-doreilles\/\">Bouchons d&#8217;oreille personnalis\u00e9s :<\/a><\/h2>\n<p>La musique parfois trop forte pendant les concerts, f\u00eates et \u00e9v\u00e9nements musicaux peut endommager vos oreilles.\u00a0Nous vous proposons des <a title=\"Bouchons d\u2019oreilles\" href=\"http:\/\/www.loops.fr\/tous-nos-produits\/bouchons-doreilles\/\">solutions simples de protections auditives<\/a>.<\/p>\n<p><img loading=\"lazy\" class=\"alignnone size-full wp-image-397\" src=\"http:\/\/www.loops.fr\/wp-content\/uploads\/2015\/03\/bouchon-oreille-personnalises.png\" alt=\"bouchon oreille personnalises\" width=\"350\" height=\"349\" srcset=\"http:\/\/www.loops.fr\/wp-content\/uploads\/2015\/03\/bouchon-oreille-personnalises.png 350w, http:\/\/www.loops.fr\/wp-content\/uploads\/2015\/03\/bouchon-oreille-personnalises-150x150.png 150w, http:\/\/www.loops.fr\/wp-content\/uploads\/2015\/03\/bouchon-oreille-personnalises-300x300.png 300w, http:\/\/www.loops.fr\/wp-content\/uploads\/2015\/03\/bouchon-oreille-personnalises-301x300.png 301w\" sizes=\"(max-width: 350px) 100vw, 350px\" \/><\/div>\n<div class=\"col-lg-4 col-md-12 col-xs-12 col-sm-12\"><\/p>\n<h2><a title=\"Ethylotest\" href=\"http:\/\/www.loops.fr\/tous-nos-produits\/ethylotest\/\">Ethylotest personnalis\u00e9s :<\/a><\/h2>\n<p>L\u2019<a title=\"Ethylotest\" href=\"http:\/\/www.loops.fr\/tous-nos-produits\/ethylotest\/\">\u00e9thylotest<\/a> est la technique l\u00e9gale d&#8217;\u00e9valuation de l&#8217;alcool\u00e9mie, notamment pour \u00e9tablir l&#8217;intoxication alcoolique. Obligatoires dans les v\u00e9hicules il est tr\u00e8s pratique lors de vos soir\u00e9es.<\/p>\n<p><a title=\"Ethylotest\" href=\"http:\/\/www.loops.fr\/tous-nos-produits\/ethylotest\/\"><img loading=\"lazy\" class=\"alignnone size-full wp-image-178\" src=\"http:\/\/www.loops.fr\/wp-content\/uploads\/2015\/03\/ethylotest.png\" alt=\"ethylotest\" width=\"350\" height=\"349\" srcset=\"http:\/\/www.loops.fr\/wp-content\/uploads\/2015\/03\/ethylotest.png 350w, http:\/\/www.loops.fr\/wp-content\/uploads\/2015\/03\/ethylotest-150x150.png 150w, http:\/\/www.loops.fr\/wp-content\/uploads\/2015\/03\/ethylotest-300x300.png 300w, http:\/\/www.loops.fr\/wp-content\/uploads\/2015\/03\/ethylotest-301x300.png 301w\" sizes=\"(max-width: 350px) 100vw, 350px\" \/><\/a><\/p>\n<p><\/div><\/p>\n<p><\/div>\n<p><img class=\"alignnone size-full wp-image-362\" src=\"http:\/\/www.loops.fr\/wp-content\/uploads\/2015\/03\/produits-loops.jpg\" alt=\"produits-loops\" width=\"100%\" srcset=\"http:\/\/www.loops.fr\/wp-content\/uploads\/2015\/03\/produits-loops.jpg 900w, http:\/\/www.loops.fr\/wp-content\/uploads\/2015\/03\/produits-loops-300x200.jpg 300w, http:\/\/www.loops.fr\/wp-content\/uploads\/2015\/03\/produits-loops-600x400.jpg 600w, http:\/\/www.loops.fr\/wp-content\/uploads\/2015\/03\/produits-loops-450x300.jpg 450w\" sizes=\"(max-width: 900px) 100vw, 900px\" \/><\/p>\n","protected":false},"excerpt":{"rendered":"","protected":false},"author":1,"featured_media":113,"parent":0,"menu_order":11,"comment_status":"open","ping_status":"closed","template":"","meta":[],"yoast_head":"<!-- This site is optimized with the Yoast SEO plugin v15.3 - https:\/\/yoast.com\/wordpress\/plugins\/seo\/ -->\n<meta name=\"robots\" content=\"index, follow, max-snippet:-1, max-image-preview:large, max-video-preview:-1\" \/>\n<link rel=\"canonical\" href=\"http:\/\/www.loops.fr\/en\/all-the-products\/\" \/>\n<meta property=\"og:locale\" content=\"en_US\" \/>\n<meta property=\"og:type\" content=\"article\" \/>\n<meta property=\"og:title\" content=\"All the products - Loops - Capsules de pr\u00e9servatifs personnalisables\" \/>\n<meta property=\"og:url\" content=\"http:\/\/www.loops.fr\/en\/all-the-products\/\" \/>\n<meta property=\"og:site_name\" content=\"Loops - Capsules de pr\u00e9servatifs personnalisables\" \/>\n<meta property=\"article:modified_time\" content=\"2019-04-05T13:11:13+00:00\" \/>\n<meta property=\"og:image\" content=\"http:\/\/www.loops.fr\/wp-content\/uploads\/2015\/03\/img_slider.jpg\" \/>\n\t<meta property=\"og:image:width\" content=\"990\" \/>\n\t<meta property=\"og:image:height\" content=\"329\" \/>\n<meta name=\"twitter:card\" content=\"summary\" \/>\n<meta name=\"twitter:label1\" content=\"Written by\">\n\t<meta name=\"twitter:data1\" content=\"admin\">\n\t<meta name=\"twitter:label2\" content=\"Est. reading time\">\n\t<meta name=\"twitter:data2\" content=\"0 minutes\">\n<script type=\"application\/ld+json\" class=\"yoast-schema-graph\">{\"@context\":\"https:\/\/schema.org\",\"@graph\":[{\"@type\":\"WebSite\",\"@id\":\"http:\/\/www.loops.fr\/#website\",\"url\":\"http:\/\/www.loops.fr\/\",\"name\":\"Loops - Capsules de pr\\u00e9servatifs personnalisables\",\"description\":\"\",\"potentialAction\":[{\"@type\":\"SearchAction\",\"target\":\"http:\/\/www.loops.fr\/?s={search_term_string}\",\"query-input\":\"required name=search_term_string\"}],\"inLanguage\":\"en-US\"},{\"@type\":\"ImageObject\",\"@id\":\"http:\/\/www.loops.fr\/en\/all-the-products\/#primaryimage\",\"inLanguage\":\"en-US\",\"url\":\"http:\/\/www.loops.fr\/wp-content\/uploads\/2015\/03\/img_slider.jpg\",\"width\":990,\"height\":329},{\"@type\":\"WebPage\",\"@id\":\"http:\/\/www.loops.fr\/en\/all-the-products\/#webpage\",\"url\":\"http:\/\/www.loops.fr\/en\/all-the-products\/\",\"name\":\"All the products - Loops - Capsules de pr\\u00e9servatifs personnalisables\",\"isPartOf\":{\"@id\":\"http:\/\/www.loops.fr\/#website\"},\"primaryImageOfPage\":{\"@id\":\"http:\/\/www.loops.fr\/en\/all-the-products\/#primaryimage\"},\"datePublished\":\"2015-03-12T00:25:48+00:00\",\"dateModified\":\"2019-04-05T13:11:13+00:00\",\"inLanguage\":\"en-US\",\"potentialAction\":[{\"@type\":\"ReadAction\",\"target\":[\"http:\/\/www.loops.fr\/en\/all-the-products\/\"]}]}]}<\/script>\n<!-- \/ Yoast SEO plugin. -->","_links":{"self":[{"href":"http:\/\/www.loops.fr\/en\/wp-json\/wp\/v2\/pages\/469"}],"collection":[{"href":"http:\/\/www.loops.fr\/en\/wp-json\/wp\/v2\/pages"}],"about":[{"href":"http:\/\/www.loops.fr\/en\/wp-json\/wp\/v2\/types\/page"}],"author":[{"embeddable":true,"href":"http:\/\/www.loops.fr\/en\/wp-json\/wp\/v2\/users\/1"}],"replies":[{"embeddable":true,"href":"http:\/\/www.loops.fr\/en\/wp-json\/wp\/v2\/comments?post=469"}],"version-history":[{"count":7,"href":"http:\/\/www.loops.fr\/en\/wp-json\/wp\/v2\/pages\/469\/revisions"}],"predecessor-version":[{"id":608,"href":"http:\/\/www.loops.fr\/en\/wp-json\/wp\/v2\/pages\/469\/revisions\/608"}],"wp:featuredmedia":[{"embeddable":true,"href":"http:\/\/www.loops.fr\/en\/wp-json\/wp\/v2\/media\/113"}],"wp:attachment":[{"href":"http:\/\/www.loops.fr\/en\/wp-json\/wp\/v2\/media?parent=469"}],"curies":[{"name":"wp","href":"https:\/\/api.w.org\/{rel}","templated":true}]}}