{"id":472,"date":"2015-05-05T18:46:32","date_gmt":"2015-05-05T17:46:32","guid":{"rendered":"http:\/\/www.loops.fr\/mentions-legales-2\/"},"modified":"2015-07-17T16:48:21","modified_gmt":"2015-07-17T15:48:21","slug":"mentions-legales","status":"publish","type":"page","link":"http:\/\/www.loops.fr\/en\/mentions-legales\/","title":{"rendered":"Legales"},"content":{"rendered":"<h3>1 \u2013 INFORMATIONS EDITEUR<\/h3>\n<p>Ce site est la propri\u00e9t\u00e9 la soci\u00e9t\u00e9 Phicogis Europe, soci\u00e9t\u00e9 \u00e0 responsabilit\u00e9 limit\u00e9e unipersonnelle immatricul\u00e9e au RCS Strasbourg sous le n\u00b0 415 134 170 000 59<\/p>\n<p>Phicogis Europe<br \/>\n15B, rue de l&#8217;industrie<br \/>\n67 400 IILLKIRCH GRAFFENSTADEN<\/p>\n<p>Directeur de la publication : Vincent Wernette, Directeur G\u00e9n\u00e9ral<\/p>\n<p>&nbsp;<\/p>\n<h3>2 \u2013 H\u00c9BERGEMENT \u2013 S\u00c9CURIT\u00c9 \u2013 FONCTIONNEMENT<\/h3>\n<p>Le site est h\u00e9berg\u00e9 par la soci\u00e9t\u00e9 Phicogis Europe. L\u2019utilisateur du pr\u00e9sent site reconna\u00eet disposer de la comp\u00e9tence, des moyens n\u00e9cessaires pour acc\u00e9der et utiliser ce site et avoir v\u00e9rifi\u00e9 que la configuration informatique utilis\u00e9e ne contient aucun virus et qu\u2019elle est en parfait \u00e9tat de fonctionnement.<\/p>\n<p>L\u2019utilisateur reconna\u00eet avoir \u00e9t\u00e9 inform\u00e9 que le pr\u00e9sent site est accessible 24 heures sur 24 et 7 jours sur 7, \u00e0 l\u2019exception des cas de force majeure, difficult\u00e9s informatiques, difficult\u00e9s li\u00e9es \u00e0 la structure des r\u00e9seaux de communications ou difficult\u00e9s techniques.<\/p>\n<p>Le contenu de ce site Internet peut comporter des inexactitudes ou omissions, ce contenu est susceptible d\u2019\u00eatre modifi\u00e9 ou mis \u00e0 jour dans de brefs d\u00e9lais.<br \/>\nMalgr\u00e9 tous les soins apport\u00e9s \u00e0 la r\u00e9alisation de ce site et \u00e0 son actualisation r\u00e9guli\u00e8re, des erreurs peuvent s\u2019\u00eatre gliss\u00e9es dans les informations et\/ou documents pr\u00e9sent\u00e9s. Les informations disponibles dans ce site sont fournies \u00e0 titre indicatif, et sont non contractuelles. A ce titre, la soci\u00e9t\u00e9 Phicogis Europe ne saurait supporter aucune demande de d\u00e9dommagement pour pr\u00e9judice direct ou indirect subi par l\u2019internaute \u00e0 la suite de la consultation des informations contenues dans ce site.<\/p>\n<p>Pour des raisons de maintenance, la soci\u00e9t\u00e9 Phicogis Europe pourra interrompre le site \u00e0 tout moment. La soci\u00e9t\u00e9 Phicogis Europe met tout en \u0153uvre pour offrir aux utilisateurs des informations et outils disponibles et v\u00e9rifi\u00e9s, mais ne saurait \u00eatre tenue pour responsable des erreurs, d\u2019une absence de disponibilit\u00e9 des informations ou de la pr\u00e9sence de virus sur le site.<\/p>\n<p>&nbsp;<\/p>\n<h3>3- DROITS DE PROPRI\u00c9T\u00c9 INTELLECTUELLE<\/h3>\n<p>Site internet d\u00e9clar\u00e9 \u00e0 la CNIL \u2013 N\u00b0 de d\u00e9claration : en cours<\/p>\n<p>Tous les textes, commentaires, ouvrages, illustration et images reproduits sur le site www.loops.fr sont la propri\u00e9t\u00e9 de la soci\u00e9t\u00e9 Phicogis Europe ou de ces ayants droits et sont soumis aux droits d\u2019auteur et sont reproductibles uniquement \u00e0 usage priv\u00e9. Les droits reconnus aux auteurs ou aux titulaires de droits voisins par le Code de la Propri\u00e9t\u00e9 Intellectuelle sont r\u00e9serv\u00e9s.<\/p>\n<p>L\u2019ensemble de ce site rel\u00e8ve de la l\u00e9gislation fran\u00e7aise et internationale sur le droit d\u2019auteur et la propri\u00e9t\u00e9 intellectuelle. Il en est de m\u00eame des bases de donn\u00e9es figurant sur le site web, qui sont prot\u00e9g\u00e9es par les dispositions de la loi du1er juillet 1998 portant transposition dans le Code de la propri\u00e9t\u00e9 intellectuelle (article L112-3) de la directive europ\u00e9enne du 11 mars 1996 relative \u00e0 la protection juridique des bases de donn\u00e9es, et dont la soci\u00e9t\u00e9 Phicogis Europe est productrice.<\/p>\n<p>&nbsp;<\/p>\n<h3>4- CR\u00c9DITS<\/h3>\n<p>Cr\u00e9dit photo : Agence Idealice, Fotolia, Phicogis Europe<br \/>\nCr\u00e9ation du site internet et h\u00e9bergement : Agence idealice<\/p>\n","protected":false},"excerpt":{"rendered":"<p>1 \u2013 INFORMATIONS EDITEUR Ce site est la propri\u00e9t\u00e9 la soci\u00e9t\u00e9 Phicogis &hellip;<\/p>\n","protected":false},"author":12,"featured_media":0,"parent":0,"menu_order":0,"comment_status":"open","ping_status":"open","template":"","meta":[],"yoast_head":"<!-- This site is optimized with the Yoast SEO plugin v15.3 - https:\/\/yoast.com\/wordpress\/plugins\/seo\/ -->\n<meta name=\"robots\" content=\"index, follow, max-snippet:-1, max-image-preview:large, max-video-preview:-1\" \/>\n<link rel=\"canonical\" href=\"http:\/\/www.loops.fr\/en\/mentions-legales\/\" \/>\n<meta property=\"og:locale\" content=\"en_US\" \/>\n<meta property=\"og:type\" content=\"article\" \/>\n<meta property=\"og:title\" content=\"Legales - Loops - Capsules de pr\u00e9servatifs personnalisables\" \/>\n<meta property=\"og:description\" content=\"1 \u2013 INFORMATIONS EDITEUR Ce site est la propri\u00e9t\u00e9 la soci\u00e9t\u00e9 Phicogis &hellip;\" \/>\n<meta property=\"og:url\" content=\"http:\/\/www.loops.fr\/en\/mentions-legales\/\" \/>\n<meta property=\"og:site_name\" content=\"Loops - Capsules de pr\u00e9servatifs personnalisables\" \/>\n<meta property=\"article:modified_time\" content=\"2015-07-17T15:48:21+00:00\" \/>\n<meta name=\"twitter:card\" content=\"summary\" \/>\n<meta name=\"twitter:label1\" content=\"Written by\">\n\t<meta name=\"twitter:data1\" content=\"Vincent Wernette\">\n\t<meta name=\"twitter:label2\" content=\"Est. reading time\">\n\t<meta name=\"twitter:data2\" content=\"2 minutes\">\n<script type=\"application\/ld+json\" class=\"yoast-schema-graph\">{\"@context\":\"https:\/\/schema.org\",\"@graph\":[{\"@type\":\"WebSite\",\"@id\":\"http:\/\/www.loops.fr\/#website\",\"url\":\"http:\/\/www.loops.fr\/\",\"name\":\"Loops - Capsules de pr\\u00e9servatifs personnalisables\",\"description\":\"\",\"potentialAction\":[{\"@type\":\"SearchAction\",\"target\":\"http:\/\/www.loops.fr\/?s={search_term_string}\",\"query-input\":\"required name=search_term_string\"}],\"inLanguage\":\"en-US\"},{\"@type\":\"WebPage\",\"@id\":\"http:\/\/www.loops.fr\/en\/mentions-legales\/#webpage\",\"url\":\"http:\/\/www.loops.fr\/en\/mentions-legales\/\",\"name\":\"Legales - Loops - Capsules de pr\\u00e9servatifs personnalisables\",\"isPartOf\":{\"@id\":\"http:\/\/www.loops.fr\/#website\"},\"datePublished\":\"2015-05-05T17:46:32+00:00\",\"dateModified\":\"2015-07-17T15:48:21+00:00\",\"inLanguage\":\"en-US\",\"potentialAction\":[{\"@type\":\"ReadAction\",\"target\":[\"http:\/\/www.loops.fr\/en\/mentions-legales\/\"]}]}]}<\/script>\n<!-- \/ Yoast SEO plugin. -->","_links":{"self":[{"href":"http:\/\/www.loops.fr\/en\/wp-json\/wp\/v2\/pages\/472"}],"collection":[{"href":"http:\/\/www.loops.fr\/en\/wp-json\/wp\/v2\/pages"}],"about":[{"href":"http:\/\/www.loops.fr\/en\/wp-json\/wp\/v2\/types\/page"}],"author":[{"embeddable":true,"href":"http:\/\/www.loops.fr\/en\/wp-json\/wp\/v2\/users\/12"}],"replies":[{"embeddable":true,"href":"http:\/\/www.loops.fr\/en\/wp-json\/wp\/v2\/comments?post=472"}],"version-history":[{"count":1,"href":"http:\/\/www.loops.fr\/en\/wp-json\/wp\/v2\/pages\/472\/revisions"}],"predecessor-version":[{"id":475,"href":"http:\/\/www.loops.fr\/en\/wp-json\/wp\/v2\/pages\/472\/revisions\/475"}],"wp:attachment":[{"href":"http:\/\/www.loops.fr\/en\/wp-json\/wp\/v2\/media?parent=472"}],"curies":[{"name":"wp","href":"https:\/\/api.w.org\/{rel}","templated":true}]}}