{"id":473,"date":"2015-03-12T01:27:10","date_gmt":"2015-03-12T00:27:10","guid":{"rendered":"http:\/\/www.loops.fr\/acces-prive-2\/"},"modified":"2016-01-05T16:43:22","modified_gmt":"2016-01-05T15:43:22","slug":"acces-prive","status":"publish","type":"page","link":"http:\/\/www.loops.fr\/en\/acces-prive\/","title":{"rendered":"Acc\u00e8s r\u00e9serv\u00e9"},"content":{"rendered":"<p>&nbsp;<\/p>\n<p>Vous \u00eates identifi\u00e9s afin de pouvoir acc\u00e9der aux informations.<br \/>\nRetrouvez les documents auxquels vous avez acc\u00e8s dans le menu d\u00e9roulant ci-dessus.<\/p>\n<p>&nbsp;<\/p>\n","protected":false},"excerpt":{"rendered":"<p>&nbsp; Vous \u00eates identifi\u00e9s afin de pouvoir acc\u00e9der aux informations. Retrouvez les &hellip;<\/p>\n","protected":false},"author":1,"featured_media":0,"parent":0,"menu_order":6,"comment_status":"open","ping_status":"open","template":"tpl-login.php","meta":[],"yoast_head":"<!-- This site is optimized with the Yoast SEO plugin v15.3 - https:\/\/yoast.com\/wordpress\/plugins\/seo\/ -->\n<meta name=\"robots\" content=\"index, follow, max-snippet:-1, max-image-preview:large, max-video-preview:-1\" \/>\n<link rel=\"canonical\" href=\"http:\/\/www.loops.fr\/en\/acces-prive\/\" \/>\n<meta property=\"og:locale\" content=\"en_US\" \/>\n<meta property=\"og:type\" content=\"article\" \/>\n<meta property=\"og:title\" content=\"Acc\u00e8s r\u00e9serv\u00e9 - Loops - Capsules de pr\u00e9servatifs personnalisables\" \/>\n<meta property=\"og:description\" content=\"&nbsp; Vous \u00eates identifi\u00e9s afin de pouvoir acc\u00e9der aux informations. Retrouvez les &hellip;\" \/>\n<meta property=\"og:url\" content=\"http:\/\/www.loops.fr\/en\/acces-prive\/\" \/>\n<meta property=\"og:site_name\" content=\"Loops - Capsules de pr\u00e9servatifs personnalisables\" \/>\n<meta property=\"article:modified_time\" content=\"2016-01-05T15:43:22+00:00\" \/>\n<meta name=\"twitter:card\" content=\"summary\" \/>\n<meta name=\"twitter:label1\" content=\"Written by\">\n\t<meta name=\"twitter:data1\" content=\"admin\">\n\t<meta name=\"twitter:label2\" content=\"Est. reading time\">\n\t<meta name=\"twitter:data2\" content=\"0 minutes\">\n<script type=\"application\/ld+json\" class=\"yoast-schema-graph\">{\"@context\":\"https:\/\/schema.org\",\"@graph\":[{\"@type\":\"WebSite\",\"@id\":\"http:\/\/www.loops.fr\/#website\",\"url\":\"http:\/\/www.loops.fr\/\",\"name\":\"Loops - Capsules de pr\\u00e9servatifs personnalisables\",\"description\":\"\",\"potentialAction\":[{\"@type\":\"SearchAction\",\"target\":\"http:\/\/www.loops.fr\/?s={search_term_string}\",\"query-input\":\"required name=search_term_string\"}],\"inLanguage\":\"en-US\"},{\"@type\":\"WebPage\",\"@id\":\"http:\/\/www.loops.fr\/en\/acces-prive\/#webpage\",\"url\":\"http:\/\/www.loops.fr\/en\/acces-prive\/\",\"name\":\"Acc\\u00e8s r\\u00e9serv\\u00e9 - Loops - Capsules de pr\\u00e9servatifs personnalisables\",\"isPartOf\":{\"@id\":\"http:\/\/www.loops.fr\/#website\"},\"datePublished\":\"2015-03-12T00:27:10+00:00\",\"dateModified\":\"2016-01-05T15:43:22+00:00\",\"inLanguage\":\"en-US\",\"potentialAction\":[{\"@type\":\"ReadAction\",\"target\":[\"http:\/\/www.loops.fr\/en\/acces-prive\/\"]}]}]}<\/script>\n<!-- \/ Yoast SEO plugin. -->","_links":{"self":[{"href":"http:\/\/www.loops.fr\/en\/wp-json\/wp\/v2\/pages\/473"}],"collection":[{"href":"http:\/\/www.loops.fr\/en\/wp-json\/wp\/v2\/pages"}],"about":[{"href":"http:\/\/www.loops.fr\/en\/wp-json\/wp\/v2\/types\/page"}],"author":[{"embeddable":true,"href":"http:\/\/www.loops.fr\/en\/wp-json\/wp\/v2\/users\/1"}],"replies":[{"embeddable":true,"href":"http:\/\/www.loops.fr\/en\/wp-json\/wp\/v2\/comments?post=473"}],"version-history":[{"count":5,"href":"http:\/\/www.loops.fr\/en\/wp-json\/wp\/v2\/pages\/473\/revisions"}],"predecessor-version":[{"id":565,"href":"http:\/\/www.loops.fr\/en\/wp-json\/wp\/v2\/pages\/473\/revisions\/565"}],"wp:attachment":[{"href":"http:\/\/www.loops.fr\/en\/wp-json\/wp\/v2\/media?parent=473"}],"curies":[{"name":"wp","href":"https:\/\/api.w.org\/{rel}","templated":true}]}}