{"id":515,"date":"2015-04-25T08:27:27","date_gmt":"2015-04-25T07:27:27","guid":{"rendered":"http:\/\/www.loops.fr\/en\/acces-prive\/tarif-pro-sante\/"},"modified":"2016-01-05T16:47:59","modified_gmt":"2016-01-05T15:47:59","slug":"tarif-pro-sante","status":"publish","type":"page","link":"http:\/\/www.loops.fr\/en\/acces-prive\/tarif-pro-sante\/","title":{"rendered":"Tarif professionnels de sant\u00e9"},"content":{"rendered":"<div class=\"members-access-error\">Acc\u00e8s interdit, vous n&#039;avez pas les autorisations pour acc\u00e9der \u00e0 cette page<\/div>\n","protected":false},"excerpt":{"rendered":"<div class=\"members-access-error\">Acc\u00e8s interdit, vous n&#039;avez pas les autorisations pour acc\u00e9der \u00e0 cette page<\/div>\n","protected":false},"author":1,"featured_media":0,"parent":473,"menu_order":0,"comment_status":"open","ping_status":"open","template":"","meta":[],"yoast_head":"<!-- This site is optimized with the Yoast SEO plugin v15.3 - https:\/\/yoast.com\/wordpress\/plugins\/seo\/ -->\n<meta name=\"robots\" content=\"index, follow, max-snippet:-1, max-image-preview:large, max-video-preview:-1\" \/>\n<link rel=\"canonical\" href=\"http:\/\/www.loops.fr\/en\/acces-prive\/tarif-pro-sante\/\" \/>\n<meta property=\"og:locale\" content=\"en_US\" \/>\n<meta property=\"og:type\" content=\"article\" \/>\n<meta property=\"og:title\" content=\"Tarif professionnels de sant\u00e9 - Loops - Capsules de pr\u00e9servatifs personnalisables\" \/>\n<meta property=\"og:description\" content=\"Acc\u00e8s interdit, vous n&#039;avez pas les autorisations pour acc\u00e9der \u00e0 cette page\" \/>\n<meta property=\"og:url\" content=\"http:\/\/www.loops.fr\/en\/acces-prive\/tarif-pro-sante\/\" \/>\n<meta property=\"og:site_name\" content=\"Loops - Capsules de pr\u00e9servatifs personnalisables\" \/>\n<meta property=\"article:modified_time\" content=\"2016-01-05T15:47:59+00:00\" \/>\n<meta name=\"twitter:card\" content=\"summary\" \/>\n<meta name=\"twitter:label1\" content=\"Written by\">\n\t<meta name=\"twitter:data1\" content=\"admin\">\n\t<meta name=\"twitter:label2\" content=\"Est. reading time\">\n\t<meta name=\"twitter:data2\" content=\"0 minutes\">\n<script type=\"application\/ld+json\" class=\"yoast-schema-graph\">{\"@context\":\"https:\/\/schema.org\",\"@graph\":[{\"@type\":\"WebSite\",\"@id\":\"http:\/\/www.loops.fr\/#website\",\"url\":\"http:\/\/www.loops.fr\/\",\"name\":\"Loops - Capsules de pr\\u00e9servatifs personnalisables\",\"description\":\"\",\"potentialAction\":[{\"@type\":\"SearchAction\",\"target\":\"http:\/\/www.loops.fr\/?s={search_term_string}\",\"query-input\":\"required name=search_term_string\"}],\"inLanguage\":\"en-US\"},{\"@type\":\"WebPage\",\"@id\":\"http:\/\/www.loops.fr\/en\/acces-prive\/tarif-pro-sante\/#webpage\",\"url\":\"http:\/\/www.loops.fr\/en\/acces-prive\/tarif-pro-sante\/\",\"name\":\"Tarif professionnels de sant\\u00e9 - Loops - Capsules de pr\\u00e9servatifs personnalisables\",\"isPartOf\":{\"@id\":\"http:\/\/www.loops.fr\/#website\"},\"datePublished\":\"2015-04-25T07:27:27+00:00\",\"dateModified\":\"2016-01-05T15:47:59+00:00\",\"inLanguage\":\"en-US\",\"potentialAction\":[{\"@type\":\"ReadAction\",\"target\":[\"http:\/\/www.loops.fr\/en\/acces-prive\/tarif-pro-sante\/\"]}]}]}<\/script>\n<!-- \/ Yoast SEO plugin. -->","_links":{"self":[{"href":"http:\/\/www.loops.fr\/en\/wp-json\/wp\/v2\/pages\/515"}],"collection":[{"href":"http:\/\/www.loops.fr\/en\/wp-json\/wp\/v2\/pages"}],"about":[{"href":"http:\/\/www.loops.fr\/en\/wp-json\/wp\/v2\/types\/page"}],"author":[{"embeddable":true,"href":"http:\/\/www.loops.fr\/en\/wp-json\/wp\/v2\/users\/1"}],"replies":[{"embeddable":true,"href":"http:\/\/www.loops.fr\/en\/wp-json\/wp\/v2\/comments?post=515"}],"version-history":[{"count":4,"href":"http:\/\/www.loops.fr\/en\/wp-json\/wp\/v2\/pages\/515\/revisions"}],"predecessor-version":[{"id":566,"href":"http:\/\/www.loops.fr\/en\/wp-json\/wp\/v2\/pages\/515\/revisions\/566"}],"up":[{"embeddable":true,"href":"http:\/\/www.loops.fr\/en\/wp-json\/wp\/v2\/pages\/473"}],"wp:attachment":[{"href":"http:\/\/www.loops.fr\/en\/wp-json\/wp\/v2\/media?parent=515"}],"curies":[{"name":"wp","href":"https:\/\/api.w.org\/{rel}","templated":true}]}}